{"id":24,"date":"2019-02-02T15:11:19","date_gmt":"2019-02-02T15:11:19","guid":{"rendered":"http:\/\/concerned-coyote.w5.wpsandbox.pro\/?page_id=24"},"modified":"2021-12-14T20:07:43","modified_gmt":"2021-12-14T20:07:43","slug":"home","status":"publish","type":"page","link":"https:\/\/pyc.cl\/","title":{"rendered":"Home"},"content":{"rendered":"\t\t<div data-elementor-type=\"wp-post\" data-elementor-id=\"24\" class=\"elementor elementor-24\" data-elementor-settings=\"[]\">\n\t\t\t\t\t\t<div class=\"elementor-inner\">\n\t\t\t\t\t\t\t<div class=\"elementor-section-wrap\">\n\t\t\t\t\t\t\t<section class=\"elementor-section elementor-top-section elementor-element elementor-element-0a90a9a elementor-section-full_width elementor-section-stretched elementor-section-height-default elementor-section-height-default\" data-id=\"0a90a9a\" data-element_type=\"section\" data-settings=\"{&quot;stretch_section&quot;:&quot;section-stretched&quot;}\">\n\t\t\t\t\t\t<div class=\"elementor-container elementor-column-gap-no\">\n\t\t\t\t\t\t\t<div class=\"elementor-row\">\n\t\t\t\t\t<div class=\"elementor-column elementor-col-100 elementor-top-column elementor-element elementor-element-f642f80\" data-id=\"f642f80\" data-element_type=\"column\">\n\t\t\t<div class=\"elementor-column-wrap elementor-element-populated\">\n\t\t\t\t\t\t\t<div class=\"elementor-widget-wrap\">\n\t\t\t\t\t\t<div class=\"elementor-element elementor-element-04e9767 elementor--h-position-center elementor--v-position-middle elementor-arrows-position-inside elementor-pagination-position-inside elementor-invisible elementor-widget elementor-widget-slides\" data-id=\"04e9767\" data-element_type=\"widget\" data-settings=\"{&quot;autoplay_speed&quot;:6000,&quot;transition_speed&quot;:200,&quot;_animation&quot;:&quot;fadeIn&quot;,&quot;navigation&quot;:&quot;both&quot;,&quot;autoplay&quot;:&quot;yes&quot;,&quot;pause_on_hover&quot;:&quot;yes&quot;,&quot;pause_on_interaction&quot;:&quot;yes&quot;,&quot;infinite&quot;:&quot;yes&quot;,&quot;transition&quot;:&quot;slide&quot;}\" data-widget_type=\"slides.default\">\n\t\t\t\t<div class=\"elementor-widget-container\">\n\t\t\t\t\t<div class=\"elementor-swiper\">\n\t\t\t<div class=\"elementor-slides-wrapper elementor-main-swiper swiper-container\" dir=\"ltr\" data-animation=\"fadeInUp\">\n\t\t\t\t<div class=\"swiper-wrapper elementor-slides\">\n\t\t\t\t\t<div class=\"elementor-repeater-item-9054b8d swiper-slide\"><div class=\"swiper-slide-bg elementor-ken-burns elementor-ken-burns--in\"><\/div><div class=\"swiper-slide-inner\" ><div class=\"swiper-slide-contents\"><div class=\"elementor-slide-heading\">Soluciones Innovadoras, eficientes y seguras para el mundo de la industria y mineria<\/div><div  class=\"elementor-button elementor-slide-button elementor-size-sm\">Sobre Nosotros<\/div><\/div><\/div><\/div><div class=\"elementor-repeater-item-dc3473f swiper-slide\"><div class=\"swiper-slide-bg elementor-ken-burns elementor-ken-burns--in\"><\/div><div class=\"swiper-slide-inner\" ><div class=\"swiper-slide-contents\"><div class=\"elementor-slide-heading\">L\u00edderes del Ultrasonido en Chile<\/div><div class=\"elementor-slide-description\">Mas de 20 a\u00f1os de Experiencia<\/div><div  class=\"elementor-button elementor-slide-button elementor-size-sm\">Conocenos<\/div><\/div><\/div><\/div>\t\t\t\t<\/div>\n\t\t\t\t\t\t\t\t\t\t\t\t\t\t\t<div class=\"swiper-pagination\"><\/div>\n\t\t\t\t\t\t\t\t\t\t\t\t\t\t\t\t<div class=\"elementor-swiper-button elementor-swiper-button-prev\">\n\t\t\t\t\t\t\t<i class=\"eicon-chevron-left\" aria-hidden=\"true\"><\/i>\n\t\t\t\t\t\t\t<span class=\"elementor-screen-only\">Previous<\/span>\n\t\t\t\t\t\t<\/div>\n\t\t\t\t\t\t<div class=\"elementor-swiper-button elementor-swiper-button-next\">\n\t\t\t\t\t\t\t<i class=\"eicon-chevron-right\" aria-hidden=\"true\"><\/i>\n\t\t\t\t\t\t\t<span class=\"elementor-screen-only\">Next<\/span>\n\t\t\t\t\t\t<\/div>\n\t\t\t\t\t\t\t\t\t\t\t\t<\/div>\n\t\t<\/div>\n\t\t\t\t<\/div>\n\t\t\t\t<\/div>\n\t\t\t\t\t\t<\/div>\n\t\t\t\t\t<\/div>\n\t\t<\/div>\n\t\t\t\t\t\t\t\t<\/div>\n\t\t\t\t\t<\/div>\n\t\t<\/section>\n\t\t\t\t<section class=\"elementor-section elementor-top-section elementor-element elementor-element-70ee6fd elementor-section-boxed elementor-section-height-default elementor-section-height-default\" data-id=\"70ee6fd\" data-element_type=\"section\">\n\t\t\t\t\t\t<div class=\"elementor-container elementor-column-gap-default\">\n\t\t\t\t\t\t\t<div class=\"elementor-row\">\n\t\t\t\t\t<div class=\"elementor-column elementor-col-100 elementor-top-column elementor-element elementor-element-889cd06\" data-id=\"889cd06\" data-element_type=\"column\">\n\t\t\t<div class=\"elementor-column-wrap elementor-element-populated\">\n\t\t\t\t\t\t\t<div class=\"elementor-widget-wrap\">\n\t\t\t\t\t\t<div class=\"elementor-element elementor-element-290c113 elementor-widget elementor-widget-spacer\" data-id=\"290c113\" data-element_type=\"widget\" data-widget_type=\"spacer.default\">\n\t\t\t\t<div class=\"elementor-widget-container\">\n\t\t\t\t\t<div class=\"elementor-spacer\">\n\t\t\t<div class=\"elementor-spacer-inner\"><\/div>\n\t\t<\/div>\n\t\t\t\t<\/div>\n\t\t\t\t<\/div>\n\t\t\t\t\t\t<\/div>\n\t\t\t\t\t<\/div>\n\t\t<\/div>\n\t\t\t\t\t\t\t\t<\/div>\n\t\t\t\t\t<\/div>\n\t\t<\/section>\n\t\t\t\t<section class=\"elementor-section elementor-top-section elementor-element elementor-element-eff214c elementor-section-boxed elementor-section-height-default elementor-section-height-default\" data-id=\"eff214c\" data-element_type=\"section\">\n\t\t\t\t\t\t<div class=\"elementor-container elementor-column-gap-default\">\n\t\t\t\t\t\t\t<div class=\"elementor-row\">\n\t\t\t\t\t<div class=\"elementor-column elementor-col-100 elementor-top-column elementor-element elementor-element-4bbb3f3\" data-id=\"4bbb3f3\" data-element_type=\"column\">\n\t\t\t<div class=\"elementor-column-wrap elementor-element-populated\">\n\t\t\t\t\t\t\t<div class=\"elementor-widget-wrap\">\n\t\t\t\t\t\t<div class=\"elementor-element elementor-element-03cd2b8 elementor-widget elementor-widget-heading\" data-id=\"03cd2b8\" data-element_type=\"widget\" data-widget_type=\"heading.default\">\n\t\t\t\t<div class=\"elementor-widget-container\">\n\t\t\t<h2 class=\"elementor-heading-title elementor-size-default\">Productos y Servicios<\/h2>\t\t<\/div>\n\t\t\t\t<\/div>\n\t\t\t\t\t\t<\/div>\n\t\t\t\t\t<\/div>\n\t\t<\/div>\n\t\t\t\t\t\t\t\t<\/div>\n\t\t\t\t\t<\/div>\n\t\t<\/section>\n\t\t\t\t<section class=\"elementor-section elementor-top-section elementor-element elementor-element-8797d5a elementor-section-boxed elementor-section-height-default elementor-section-height-default\" data-id=\"8797d5a\" data-element_type=\"section\">\n\t\t\t\t\t\t<div class=\"elementor-container elementor-column-gap-default\">\n\t\t\t\t\t\t\t<div class=\"elementor-row\">\n\t\t\t\t\t<div class=\"elementor-column elementor-col-50 elementor-top-column elementor-element elementor-element-87f22be\" data-id=\"87f22be\" data-element_type=\"column\">\n\t\t\t<div class=\"elementor-column-wrap elementor-element-populated\">\n\t\t\t\t\t\t\t<div class=\"elementor-widget-wrap\">\n\t\t\t\t\t\t<div class=\"elementor-element elementor-element-1016fb2 elementor-widget elementor-widget-image\" data-id=\"1016fb2\" data-element_type=\"widget\" data-widget_type=\"image.default\">\n\t\t\t\t<div class=\"elementor-widget-container\">\n\t\t\t\t\t<div class=\"elementor-image\">\n\t\t\t\t\t\t\t\t\t\t\t<a href=\"http:\/\/pyc.cl\/?page_id=1200\">\n\t\t\t\t\t\t\t<img loading=\"lazy\" decoding=\"async\" width=\"249\" height=\"300\" src=\"https:\/\/pyc.cl\/wp-content\/uploads\/2021\/08\/IMG_20210711_121050-249x300.jpg\" class=\"attachment-medium size-medium\" alt=\"\" srcset=\"https:\/\/pyc.cl\/wp-content\/uploads\/2021\/08\/IMG_20210711_121050-249x300.jpg 249w, https:\/\/pyc.cl\/wp-content\/uploads\/2021\/08\/IMG_20210711_121050-850x1024.jpg 850w, https:\/\/pyc.cl\/wp-content\/uploads\/2021\/08\/IMG_20210711_121050-768x925.jpg 768w, https:\/\/pyc.cl\/wp-content\/uploads\/2021\/08\/IMG_20210711_121050-1275x1536.jpg 1275w, https:\/\/pyc.cl\/wp-content\/uploads\/2021\/08\/IMG_20210711_121050.jpg 1494w\" sizes=\"auto, (max-width: 249px) 100vw, 249px\" \/>\t\t\t\t\t\t\t\t<\/a>\n\t\t\t\t\t\t\t\t\t\t\t<\/div>\n\t\t\t\t<\/div>\n\t\t\t\t<\/div>\n\t\t\t\t<div class=\"elementor-element elementor-element-1e38c22 elementor-widget elementor-widget-heading\" data-id=\"1e38c22\" data-element_type=\"widget\" data-widget_type=\"heading.default\">\n\t\t\t\t<div class=\"elementor-widget-container\">\n\t\t\t<h2 class=\"elementor-heading-title elementor-size-default\"><a href=\"http:\/\/pyc.cl\/?page_id=1200\">LRUT<\/a><\/h2>\t\t<\/div>\n\t\t\t\t<\/div>\n\t\t\t\t<div class=\"elementor-element elementor-element-ce974f7 elementor-widget elementor-widget-text-editor\" data-id=\"ce974f7\" data-element_type=\"widget\" data-widget_type=\"text-editor.default\">\n\t\t\t\t<div class=\"elementor-widget-container\">\n\t\t\t\t\t<div class=\"elementor-text-editor elementor-clearfix\"><p>PyC Tecnolog\u00eda dispone de equipamiento en ondas guiadas de largo alcance con modalidades de ondas longitudinales, transversales y de torsi\u00f3n en di\u00e1metros de 2&#8243; a 48&#8243;<\/p><\/div>\n\t\t\t\t<\/div>\n\t\t\t\t<\/div>\n\t\t\t\t\t\t<\/div>\n\t\t\t\t\t<\/div>\n\t\t<\/div>\n\t\t\t\t<div class=\"elementor-column elementor-col-50 elementor-top-column elementor-element elementor-element-1b858d3\" data-id=\"1b858d3\" data-element_type=\"column\">\n\t\t\t<div class=\"elementor-column-wrap elementor-element-populated\">\n\t\t\t\t\t\t\t<div class=\"elementor-widget-wrap\">\n\t\t\t\t\t\t<div class=\"elementor-element elementor-element-1ccacf1 elementor-widget elementor-widget-spacer\" data-id=\"1ccacf1\" data-element_type=\"widget\" data-widget_type=\"spacer.default\">\n\t\t\t\t<div class=\"elementor-widget-container\">\n\t\t\t\t\t<div class=\"elementor-spacer\">\n\t\t\t<div class=\"elementor-spacer-inner\"><\/div>\n\t\t<\/div>\n\t\t\t\t<\/div>\n\t\t\t\t<\/div>\n\t\t\t\t<div class=\"elementor-element elementor-element-ed685ca elementor-widget elementor-widget-image\" data-id=\"ed685ca\" data-element_type=\"widget\" data-widget_type=\"image.default\">\n\t\t\t\t<div class=\"elementor-widget-container\">\n\t\t\t\t\t<div class=\"elementor-image\">\n\t\t\t\t\t\t\t\t\t\t\t<a href=\"http:\/\/pyc.cl\/?page_id=1203\">\n\t\t\t\t\t\t\t<img loading=\"lazy\" decoding=\"async\" width=\"1351\" height=\"603\" src=\"https:\/\/pyc.cl\/wp-content\/uploads\/2021\/08\/SMRUT-Interfaz.png\" class=\"attachment-full size-full\" alt=\"\" srcset=\"https:\/\/pyc.cl\/wp-content\/uploads\/2021\/08\/SMRUT-Interfaz.png 1351w, https:\/\/pyc.cl\/wp-content\/uploads\/2021\/08\/SMRUT-Interfaz-300x134.png 300w, https:\/\/pyc.cl\/wp-content\/uploads\/2021\/08\/SMRUT-Interfaz-1024x457.png 1024w, https:\/\/pyc.cl\/wp-content\/uploads\/2021\/08\/SMRUT-Interfaz-768x343.png 768w\" sizes=\"auto, (max-width: 1351px) 100vw, 1351px\" \/>\t\t\t\t\t\t\t\t<\/a>\n\t\t\t\t\t\t\t\t\t\t\t<\/div>\n\t\t\t\t<\/div>\n\t\t\t\t<\/div>\n\t\t\t\t<div class=\"elementor-element elementor-element-ffce760 elementor-widget elementor-widget-heading\" data-id=\"ffce760\" data-element_type=\"widget\" data-widget_type=\"heading.default\">\n\t\t\t\t<div class=\"elementor-widget-container\">\n\t\t\t<h2 class=\"elementor-heading-title elementor-size-default\"><a href=\"http:\/\/pyc.cl\/?page_id=1203\">SMRUT<\/a><\/h2>\t\t<\/div>\n\t\t\t\t<\/div>\n\t\t\t\t<div class=\"elementor-element elementor-element-15ace3c elementor-widget elementor-widget-text-editor\" data-id=\"15ace3c\" data-element_type=\"widget\" data-widget_type=\"text-editor.default\">\n\t\t\t\t<div class=\"elementor-widget-container\">\n\t\t\t\t\t<div class=\"elementor-text-editor elementor-clearfix\"><p>PyC Tecnolog\u00eda ha desarrollado la innovaci\u00f3n del monitoreo de an\u00e1lisis de fallas remoto de ultrasonido con an\u00e1lisis de plataforma online<\/p><\/div>\n\t\t\t\t<\/div>\n\t\t\t\t<\/div>\n\t\t\t\t\t\t<\/div>\n\t\t\t\t\t<\/div>\n\t\t<\/div>\n\t\t\t\t\t\t\t\t<\/div>\n\t\t\t\t\t<\/div>\n\t\t<\/section>\n\t\t\t\t<section class=\"elementor-section elementor-top-section elementor-element elementor-element-1af0edd elementor-section-boxed elementor-section-height-default elementor-section-height-default\" data-id=\"1af0edd\" data-element_type=\"section\">\n\t\t\t\t\t\t<div class=\"elementor-container elementor-column-gap-default\">\n\t\t\t\t\t\t\t<div class=\"elementor-row\">\n\t\t\t\t\t<div class=\"elementor-column elementor-col-33 elementor-top-column elementor-element elementor-element-5fbf9a1\" data-id=\"5fbf9a1\" data-element_type=\"column\">\n\t\t\t<div class=\"elementor-column-wrap elementor-element-populated\">\n\t\t\t\t\t\t\t<div class=\"elementor-widget-wrap\">\n\t\t\t\t\t\t<div class=\"elementor-element elementor-element-b7a2287 elementor-widget elementor-widget-image\" data-id=\"b7a2287\" data-element_type=\"widget\" data-widget_type=\"image.default\">\n\t\t\t\t<div class=\"elementor-widget-container\">\n\t\t\t\t\t<div class=\"elementor-image\">\n\t\t\t\t\t\t\t\t\t\t\t<a href=\"http:\/\/pyc.cl\/?page_id=1186\">\n\t\t\t\t\t\t\t<img loading=\"lazy\" decoding=\"async\" width=\"300\" height=\"300\" src=\"https:\/\/pyc.cl\/wp-content\/uploads\/2021\/07\/linea-300x300.jpg\" class=\"attachment-medium size-medium\" alt=\"\" srcset=\"https:\/\/pyc.cl\/wp-content\/uploads\/2021\/07\/linea-e1625754103506.jpg 300w, https:\/\/pyc.cl\/wp-content\/uploads\/2021\/07\/linea-150x150.jpg 150w\" sizes=\"auto, (max-width: 300px) 100vw, 300px\" \/>\t\t\t\t\t\t\t\t<\/a>\n\t\t\t\t\t\t\t\t\t\t\t<\/div>\n\t\t\t\t<\/div>\n\t\t\t\t<\/div>\n\t\t\t\t<div class=\"elementor-element elementor-element-e785bfe elementor-widget elementor-widget-heading\" data-id=\"e785bfe\" data-element_type=\"widget\" data-widget_type=\"heading.default\">\n\t\t\t\t<div class=\"elementor-widget-container\">\n\t\t\t<h2 class=\"elementor-heading-title elementor-size-default\"><a href=\"http:\/\/pyc.cl\/?page_id=1186\">L\u00cdNEAS<\/a><\/h2>\t\t<\/div>\n\t\t\t\t<\/div>\n\t\t\t\t<div class=\"elementor-element elementor-element-92fda50 elementor-widget elementor-widget-text-editor\" data-id=\"92fda50\" data-element_type=\"widget\" data-widget_type=\"text-editor.default\">\n\t\t\t\t<div class=\"elementor-widget-container\">\n\t\t\t\t\t<div class=\"elementor-text-editor elementor-clearfix\"><p>PyC Tecnolog\u00eda dispone de equipamiento especializado para ensayos de l\u00edneas a\u00e9reas, revestidas y enterradas<\/p><\/div>\n\t\t\t\t<\/div>\n\t\t\t\t<\/div>\n\t\t\t\t\t\t<\/div>\n\t\t\t\t\t<\/div>\n\t\t<\/div>\n\t\t\t\t<div class=\"elementor-column elementor-col-33 elementor-top-column elementor-element elementor-element-5aaa336\" data-id=\"5aaa336\" data-element_type=\"column\">\n\t\t\t<div class=\"elementor-column-wrap elementor-element-populated\">\n\t\t\t\t\t\t\t<div class=\"elementor-widget-wrap\">\n\t\t\t\t\t\t<div class=\"elementor-element elementor-element-fc66076 elementor-widget elementor-widget-image\" data-id=\"fc66076\" data-element_type=\"widget\" data-widget_type=\"image.default\">\n\t\t\t\t<div class=\"elementor-widget-container\">\n\t\t\t\t\t<div class=\"elementor-image\">\n\t\t\t\t\t\t\t\t\t\t\t<a href=\"http:\/\/pyc.cl\/?page_id=1191\">\n\t\t\t\t\t\t\t<img loading=\"lazy\" decoding=\"async\" width=\"300\" height=\"300\" src=\"https:\/\/pyc.cl\/wp-content\/uploads\/2021\/07\/planta-molienda-home-300x300.jpg\" class=\"attachment-medium size-medium\" alt=\"\" srcset=\"https:\/\/pyc.cl\/wp-content\/uploads\/2021\/07\/planta-molienda-home-e1625694421502.jpg 300w, https:\/\/pyc.cl\/wp-content\/uploads\/2021\/07\/planta-molienda-home-150x150.jpg 150w\" sizes=\"auto, (max-width: 300px) 100vw, 300px\" \/>\t\t\t\t\t\t\t\t<\/a>\n\t\t\t\t\t\t\t\t\t\t\t<\/div>\n\t\t\t\t<\/div>\n\t\t\t\t<\/div>\n\t\t\t\t<div class=\"elementor-element elementor-element-5983955 elementor-widget elementor-widget-heading\" data-id=\"5983955\" data-element_type=\"widget\" data-widget_type=\"heading.default\">\n\t\t\t\t<div class=\"elementor-widget-container\">\n\t\t\t<h2 class=\"elementor-heading-title elementor-size-default\"><a href=\"http:\/\/pyc.cl\/?page_id=1191\">MOLINOS<\/a><\/h2>\t\t<\/div>\n\t\t\t\t<\/div>\n\t\t\t\t<div class=\"elementor-element elementor-element-c914f51 elementor-widget elementor-widget-text-editor\" data-id=\"c914f51\" data-element_type=\"widget\" data-widget_type=\"text-editor.default\">\n\t\t\t\t<div class=\"elementor-widget-container\">\n\t\t\t\t\t<div class=\"elementor-text-editor elementor-clearfix\"><p>PyC Tecnolog\u00eda dispone de equipamiento especializado para ensayos en componentes de molinos<\/p><\/div>\n\t\t\t\t<\/div>\n\t\t\t\t<\/div>\n\t\t\t\t\t\t<\/div>\n\t\t\t\t\t<\/div>\n\t\t<\/div>\n\t\t\t\t<div class=\"elementor-column elementor-col-33 elementor-top-column elementor-element elementor-element-bfefbbf\" data-id=\"bfefbbf\" data-element_type=\"column\">\n\t\t\t<div class=\"elementor-column-wrap elementor-element-populated\">\n\t\t\t\t\t\t\t<div class=\"elementor-widget-wrap\">\n\t\t\t\t\t\t<div class=\"elementor-element elementor-element-394e000 elementor-widget elementor-widget-image\" data-id=\"394e000\" data-element_type=\"widget\" data-widget_type=\"image.default\">\n\t\t\t\t<div class=\"elementor-widget-container\">\n\t\t\t\t\t<div class=\"elementor-image\">\n\t\t\t\t\t\t\t\t\t\t\t<a href=\"http:\/\/pyc.cl\/?page_id=1121\">\n\t\t\t\t\t\t\t<img loading=\"lazy\" decoding=\"async\" width=\"300\" height=\"300\" src=\"https:\/\/pyc.cl\/wp-content\/uploads\/2021\/07\/Estanque-300x300.jpg\" class=\"attachment-medium size-medium\" alt=\"\" srcset=\"https:\/\/pyc.cl\/wp-content\/uploads\/2021\/07\/Estanque-e1625754517815.jpg 300w, https:\/\/pyc.cl\/wp-content\/uploads\/2021\/07\/Estanque-1024x1024.jpg 1024w, https:\/\/pyc.cl\/wp-content\/uploads\/2021\/07\/Estanque-150x150.jpg 150w, https:\/\/pyc.cl\/wp-content\/uploads\/2021\/07\/Estanque-768x768.jpg 768w, https:\/\/pyc.cl\/wp-content\/uploads\/2021\/07\/Estanque-1536x1536.jpg 1536w, https:\/\/pyc.cl\/wp-content\/uploads\/2021\/07\/Estanque-2048x2048.jpg 2048w\" sizes=\"auto, (max-width: 300px) 100vw, 300px\" \/>\t\t\t\t\t\t\t\t<\/a>\n\t\t\t\t\t\t\t\t\t\t\t<\/div>\n\t\t\t\t<\/div>\n\t\t\t\t<\/div>\n\t\t\t\t<div class=\"elementor-element elementor-element-7db2914 elementor-widget elementor-widget-heading\" data-id=\"7db2914\" data-element_type=\"widget\" data-widget_type=\"heading.default\">\n\t\t\t\t<div class=\"elementor-widget-container\">\n\t\t\t<h2 class=\"elementor-heading-title elementor-size-default\"><a href=\"http:\/\/pyc.cl\/?page_id=1121\">ESTANQUES<\/a><\/h2>\t\t<\/div>\n\t\t\t\t<\/div>\n\t\t\t\t<div class=\"elementor-element elementor-element-2d0d492 elementor-widget elementor-widget-text-editor\" data-id=\"2d0d492\" data-element_type=\"widget\" data-widget_type=\"text-editor.default\">\n\t\t\t\t<div class=\"elementor-widget-container\">\n\t\t\t\t\t<div class=\"elementor-text-editor elementor-clearfix\"><p>PyC Tecnolog\u00eda dispone de equipamiento especializado para ensayos en estanques de almacenamiento.<\/p><\/div>\n\t\t\t\t<\/div>\n\t\t\t\t<\/div>\n\t\t\t\t\t\t<\/div>\n\t\t\t\t\t<\/div>\n\t\t<\/div>\n\t\t\t\t\t\t\t\t<\/div>\n\t\t\t\t\t<\/div>\n\t\t<\/section>\n\t\t\t\t<section class=\"elementor-section elementor-top-section elementor-element elementor-element-07d0db6 elementor-section-boxed elementor-section-height-default elementor-section-height-default\" data-id=\"07d0db6\" data-element_type=\"section\">\n\t\t\t\t\t\t<div class=\"elementor-container elementor-column-gap-default\">\n\t\t\t\t\t\t\t<div class=\"elementor-row\">\n\t\t\t\t\t<div class=\"elementor-column elementor-col-100 elementor-top-column elementor-element elementor-element-d1d033d\" data-id=\"d1d033d\" data-element_type=\"column\">\n\t\t\t<div class=\"elementor-column-wrap elementor-element-populated\">\n\t\t\t\t\t\t\t<div class=\"elementor-widget-wrap\">\n\t\t\t\t\t\t<section class=\"elementor-section elementor-inner-section elementor-element elementor-element-777e305 elementor-section-boxed elementor-section-height-default elementor-section-height-default\" data-id=\"777e305\" data-element_type=\"section\">\n\t\t\t\t\t\t<div class=\"elementor-container elementor-column-gap-default\">\n\t\t\t\t\t\t\t<div class=\"elementor-row\">\n\t\t\t\t\t<div class=\"elementor-column elementor-col-50 elementor-inner-column elementor-element elementor-element-bd340d2\" data-id=\"bd340d2\" data-element_type=\"column\">\n\t\t\t<div class=\"elementor-column-wrap elementor-element-populated\">\n\t\t\t\t\t\t\t<div class=\"elementor-widget-wrap\">\n\t\t\t\t\t\t<div class=\"elementor-element elementor-element-f5ec8af elementor-widget elementor-widget-image\" data-id=\"f5ec8af\" data-element_type=\"widget\" data-widget_type=\"image.default\">\n\t\t\t\t<div class=\"elementor-widget-container\">\n\t\t\t\t\t<div class=\"elementor-image\">\n\t\t\t\t\t\t\t\t\t\t<img loading=\"lazy\" decoding=\"async\" width=\"768\" height=\"1024\" src=\"https:\/\/pyc.cl\/wp-content\/uploads\/2021\/09\/IMG_20210727_152805-scaled-768x1024.jpg\" class=\"attachment-large size-large\" alt=\"\" srcset=\"https:\/\/pyc.cl\/wp-content\/uploads\/2021\/09\/IMG_20210727_152805-768x1024.jpg 768w, https:\/\/pyc.cl\/wp-content\/uploads\/2021\/09\/IMG_20210727_152805-225x300.jpg 225w, https:\/\/pyc.cl\/wp-content\/uploads\/2021\/09\/IMG_20210727_152805-1152x1536.jpg 1152w, https:\/\/pyc.cl\/wp-content\/uploads\/2021\/09\/IMG_20210727_152805-1536x2048.jpg 1536w, https:\/\/pyc.cl\/wp-content\/uploads\/2021\/09\/IMG_20210727_152805-scaled.jpg 1920w\" sizes=\"auto, (max-width: 768px) 100vw, 768px\" \/>\t\t\t\t\t\t\t\t\t\t\t<\/div>\n\t\t\t\t<\/div>\n\t\t\t\t<\/div>\n\t\t\t\t\t\t<\/div>\n\t\t\t\t\t<\/div>\n\t\t<\/div>\n\t\t\t\t<div class=\"elementor-column elementor-col-50 elementor-inner-column elementor-element elementor-element-8f635da\" data-id=\"8f635da\" data-element_type=\"column\">\n\t\t\t<div class=\"elementor-column-wrap elementor-element-populated\">\n\t\t\t\t\t\t\t<div class=\"elementor-widget-wrap\">\n\t\t\t\t\t\t<div class=\"elementor-element elementor-element-8da5c00 elementor-widget elementor-widget-text-editor\" data-id=\"8da5c00\" data-element_type=\"widget\" data-widget_type=\"text-editor.default\">\n\t\t\t\t<div class=\"elementor-widget-container\">\n\t\t\t\t\t<div class=\"elementor-text-editor elementor-clearfix\"><h4>Servicio Integral<br \/>Somos una compa\u00f1\u00eda nacional, cuyo principal foco es la prestaci\u00f3n de servicios integrales a la industria<\/h4><p>Nuestra gesti\u00f3n tiene una definida orientaci\u00f3n a la entrega de servicios de excelencia, caracterizados por:<\/p><ul><li>Cumplimiento de altos est\u00e1ndares en materia de seguridad y salud ocupacional.<\/li><li>Alto nivel de disponibilidad.<\/li><li>Alta capacidad de reacci\u00f3n y tiempo de respuesta.<\/li><li>Mejoramiento continuo de los procesos mediante la innovaci\u00f3n, la actualizaci\u00f3n, la integraci\u00f3n de tecnolog\u00eda y la aplicaci\u00f3n de los recursos de la ingenier\u00eda.<\/li><li>Protecci\u00f3n y cuidado del medio ambiente.<\/li><li>Servicio de excelencia, por medio de un equipo comprometido con el \u00e9xito laboral de nuestros clientes.<\/li><\/ul><\/div>\n\t\t\t\t<\/div>\n\t\t\t\t<\/div>\n\t\t\t\t\t\t<\/div>\n\t\t\t\t\t<\/div>\n\t\t<\/div>\n\t\t\t\t\t\t\t\t<\/div>\n\t\t\t\t\t<\/div>\n\t\t<\/section>\n\t\t\t\t\t\t<\/div>\n\t\t\t\t\t<\/div>\n\t\t<\/div>\n\t\t\t\t\t\t\t\t<\/div>\n\t\t\t\t\t<\/div>\n\t\t<\/section>\n\t\t\t\t\t\t<\/div>\n\t\t\t\t\t\t<\/div>\n\t\t\t\t\t<\/div>\n\t\t","protected":false},"excerpt":{"rendered":"<p>Soluciones Innovadoras, eficientes y seguras para el mundo de la industria y mineriaSobre NosotrosL\u00edderes del Ultrasonido en ChileMas de 20 a\u00f1os de ExperienciaConocenos Previous Next Productos y Servicios LRUT PyC Tecnolog\u00eda dispone de equipamiento en ondas guiadas de largo alcance con modalidades de ondas longitudinales, transversales y de torsi\u00f3n en di\u00e1metros de 2&#8243; a 48&#8243; [&hellip;]<\/p>\n","protected":false},"author":1,"featured_media":0,"parent":0,"menu_order":0,"comment_status":"closed","ping_status":"closed","template":"page-templates\/pagebuilder.php","meta":{"footnotes":""},"class_list":["post-24","page","type-page","status-publish","hentry"],"_links":{"self":[{"href":"https:\/\/pyc.cl\/index.php?rest_route=\/wp\/v2\/pages\/24","targetHints":{"allow":["GET"]}}],"collection":[{"href":"https:\/\/pyc.cl\/index.php?rest_route=\/wp\/v2\/pages"}],"about":[{"href":"https:\/\/pyc.cl\/index.php?rest_route=\/wp\/v2\/types\/page"}],"author":[{"embeddable":true,"href":"https:\/\/pyc.cl\/index.php?rest_route=\/wp\/v2\/users\/1"}],"replies":[{"embeddable":true,"href":"https:\/\/pyc.cl\/index.php?rest_route=%2Fwp%2Fv2%2Fcomments&post=24"}],"version-history":[{"count":7,"href":"https:\/\/pyc.cl\/index.php?rest_route=\/wp\/v2\/pages\/24\/revisions"}],"predecessor-version":[{"id":1958,"href":"https:\/\/pyc.cl\/index.php?rest_route=\/wp\/v2\/pages\/24\/revisions\/1958"}],"wp:attachment":[{"href":"https:\/\/pyc.cl\/index.php?rest_route=%2Fwp%2Fv2%2Fmedia&parent=24"}],"curies":[{"name":"wp","href":"https:\/\/api.w.org\/{rel}","templated":true}]}}