{"id":1203,"date":"2021-05-31T20:50:42","date_gmt":"2021-05-31T20:50:42","guid":{"rendered":"http:\/\/localhost\/wordpress\/?page_id=1203"},"modified":"2021-12-16T19:01:26","modified_gmt":"2021-12-16T19:01:26","slug":"smrut","status":"publish","type":"page","link":"https:\/\/pyc.cl\/?page_id=1203","title":{"rendered":"SMRUT"},"content":{"rendered":"\t\t<div data-elementor-type=\"wp-page\" data-elementor-id=\"1203\" class=\"elementor elementor-1203\" data-elementor-settings=\"[]\">\n\t\t\t\t\t\t<div class=\"elementor-inner\">\n\t\t\t\t\t\t\t<div class=\"elementor-section-wrap\">\n\t\t\t\t\t\t\t<section class=\"elementor-section elementor-top-section elementor-element elementor-element-280d231 elementor-section-height-min-height elementor-section-stretched elementor-section-boxed elementor-section-height-default elementor-section-items-middle elementor-invisible\" data-id=\"280d231\" data-element_type=\"section\" data-settings=\"{&quot;stretch_section&quot;:&quot;section-stretched&quot;,&quot;background_background&quot;:&quot;classic&quot;,&quot;animation&quot;:&quot;fadeInDown&quot;}\">\n\t\t\t\t\t\t\t<div class=\"elementor-background-overlay\"><\/div>\n\t\t\t\t\t\t\t<div class=\"elementor-container elementor-column-gap-default\">\n\t\t\t\t\t\t\t<div class=\"elementor-row\">\n\t\t\t\t\t<div class=\"elementor-column elementor-col-100 elementor-top-column elementor-element elementor-element-8c3a1ea\" data-id=\"8c3a1ea\" data-element_type=\"column\" data-settings=\"{&quot;background_background&quot;:&quot;classic&quot;}\">\n\t\t\t<div class=\"elementor-column-wrap elementor-element-populated\">\n\t\t\t\t\t<div class=\"elementor-background-overlay\"><\/div>\n\t\t\t\t\t\t\t<div class=\"elementor-widget-wrap\">\n\t\t\t\t\t\t\t\t<\/div>\n\t\t\t\t\t<\/div>\n\t\t<\/div>\n\t\t\t\t\t\t\t\t<\/div>\n\t\t\t\t\t<\/div>\n\t\t<\/section>\n\t\t\t\t<section class=\"elementor-section elementor-top-section elementor-element elementor-element-63a72c50 elementor-section-full_width elementor-section-content-middle elementor-section-stretched elementor-section-height-default elementor-section-height-default\" data-id=\"63a72c50\" data-element_type=\"section\" data-settings=\"{&quot;stretch_section&quot;:&quot;section-stretched&quot;}\">\n\t\t\t\t\t\t<div class=\"elementor-container elementor-column-gap-default\">\n\t\t\t\t\t\t\t<div class=\"elementor-row\">\n\t\t\t\t\t<div class=\"elementor-column elementor-col-33 elementor-top-column elementor-element elementor-element-6fea337\" data-id=\"6fea337\" data-element_type=\"column\">\n\t\t\t<div class=\"elementor-column-wrap\">\n\t\t\t\t\t\t\t<div class=\"elementor-widget-wrap\">\n\t\t\t\t\t\t\t\t<\/div>\n\t\t\t\t\t<\/div>\n\t\t<\/div>\n\t\t\t\t<div class=\"elementor-column elementor-col-33 elementor-top-column elementor-element elementor-element-6dc7ad5d\" data-id=\"6dc7ad5d\" data-element_type=\"column\">\n\t\t\t<div class=\"elementor-column-wrap elementor-element-populated\">\n\t\t\t\t\t\t\t<div class=\"elementor-widget-wrap\">\n\t\t\t\t\t\t<div class=\"elementor-element elementor-element-7bf7bfd5 elementor-widget__width-initial elementor-widget elementor-widget-heading\" data-id=\"7bf7bfd5\" data-element_type=\"widget\" data-widget_type=\"heading.default\">\n\t\t\t\t<div class=\"elementor-widget-container\">\n\t\t\t<h2 class=\"elementor-heading-title elementor-size-default\">Sistema de Monitoreo Remoto Ultras\u00f3nico<\/h2>\t\t<\/div>\n\t\t\t\t<\/div>\n\t\t\t\t<div class=\"elementor-element elementor-element-74bc6152 elementor-widget elementor-widget-spacer\" data-id=\"74bc6152\" data-element_type=\"widget\" data-widget_type=\"spacer.default\">\n\t\t\t\t<div class=\"elementor-widget-container\">\n\t\t\t\t\t<div class=\"elementor-spacer\">\n\t\t\t<div class=\"elementor-spacer-inner\"><\/div>\n\t\t<\/div>\n\t\t\t\t<\/div>\n\t\t\t\t<\/div>\n\t\t\t\t<div class=\"elementor-element elementor-element-424b3c8a elementor-widget__width-initial elementor-widget elementor-widget-text-editor\" data-id=\"424b3c8a\" data-element_type=\"widget\" data-widget_type=\"text-editor.default\">\n\t\t\t\t<div class=\"elementor-widget-container\">\n\t\t\t\t\t<div class=\"elementor-text-editor elementor-clearfix\"><p>Hemos desarrollado una tecnolog\u00eda para detectar <strong>GRIETAS <\/strong>con equipos en funcionamiento<strong>,<\/strong> producidas por fatiga de material y\/o sobre esfuerzos de forma remota para la detecci\u00f3n temprana de agrietamiento.<\/p><p>La detecci\u00f3n se logra a trav\u00e9s de sensores ultras\u00f3nicos instalados estrat\u00e9gicamente en los componentes cr\u00edticos de los equipos a monitorear.<\/p><p>La unidad de monitoreo se estructura con diferentes m\u00f3dulos (M\u00f3dulo SMRUT, Servidor, Sensores y cableado).<\/p><p>El software de monitoreo SMRUT permite analizar en tiempo real cada punto de monitoreo y almacena autom\u00e1ticamente el historial de cada sensor.<\/p><\/div>\n\t\t\t\t<\/div>\n\t\t\t\t<\/div>\n\t\t\t\t\t\t<\/div>\n\t\t\t\t\t<\/div>\n\t\t<\/div>\n\t\t\t\t<div class=\"elementor-column elementor-col-33 elementor-top-column elementor-element elementor-element-706cd018\" data-id=\"706cd018\" data-element_type=\"column\">\n\t\t\t<div class=\"elementor-column-wrap elementor-element-populated\">\n\t\t\t\t\t\t\t<div class=\"elementor-widget-wrap\">\n\t\t\t\t\t\t<div class=\"elementor-element elementor-element-307d479b elementor-widget elementor-widget-image\" data-id=\"307d479b\" data-element_type=\"widget\" data-widget_type=\"image.default\">\n\t\t\t\t<div class=\"elementor-widget-container\">\n\t\t\t\t\t<div class=\"elementor-image\">\n\t\t\t\t\t\t\t\t\t\t<img loading=\"lazy\" decoding=\"async\" width=\"768\" height=\"601\" src=\"https:\/\/pyc.cl\/wp-content\/uploads\/2021\/11\/IMG_20211111_181715-768x601.jpg\" class=\"attachment-medium_large size-medium_large\" alt=\"\" srcset=\"https:\/\/pyc.cl\/wp-content\/uploads\/2021\/11\/IMG_20211111_181715-768x601.jpg 768w, https:\/\/pyc.cl\/wp-content\/uploads\/2021\/11\/IMG_20211111_181715-300x235.jpg 300w, https:\/\/pyc.cl\/wp-content\/uploads\/2021\/11\/IMG_20211111_181715-1024x801.jpg 1024w, https:\/\/pyc.cl\/wp-content\/uploads\/2021\/11\/IMG_20211111_181715-1536x1201.jpg 1536w, https:\/\/pyc.cl\/wp-content\/uploads\/2021\/11\/IMG_20211111_181715-2048x1602.jpg 2048w, https:\/\/pyc.cl\/wp-content\/uploads\/2021\/11\/IMG_20211111_181715-e1636666150386.jpg 800w\" sizes=\"auto, (max-width: 768px) 100vw, 768px\" \/>\t\t\t\t\t\t\t\t\t\t\t<\/div>\n\t\t\t\t<\/div>\n\t\t\t\t<\/div>\n\t\t\t\t\t\t<\/div>\n\t\t\t\t\t<\/div>\n\t\t<\/div>\n\t\t\t\t\t\t\t\t<\/div>\n\t\t\t\t\t<\/div>\n\t\t<\/section>\n\t\t\t\t<section class=\"elementor-section elementor-top-section elementor-element elementor-element-4f784aa elementor-section-boxed elementor-section-height-default elementor-section-height-default\" data-id=\"4f784aa\" data-element_type=\"section\">\n\t\t\t\t\t\t<div class=\"elementor-container elementor-column-gap-default\">\n\t\t\t\t\t\t\t<div class=\"elementor-row\">\n\t\t\t\t\t<div class=\"elementor-column elementor-col-100 elementor-top-column elementor-element elementor-element-01fa061\" data-id=\"01fa061\" data-element_type=\"column\">\n\t\t\t<div class=\"elementor-column-wrap elementor-element-populated\">\n\t\t\t\t\t\t\t<div class=\"elementor-widget-wrap\">\n\t\t\t\t\t\t<div class=\"elementor-element elementor-element-cfe2642 elementor-widget elementor-widget-shortcode\" data-id=\"cfe2642\" data-element_type=\"widget\" data-widget_type=\"shortcode.default\">\n\t\t\t\t<div class=\"elementor-widget-container\">\n\t\t\t\t\t<div class=\"elementor-shortcode\">  <\/div>\n\t\t\t\t<\/div>\n\t\t\t\t<\/div>\n\t\t\t\t\t\t<\/div>\n\t\t\t\t\t<\/div>\n\t\t<\/div>\n\t\t\t\t\t\t\t\t<\/div>\n\t\t\t\t\t<\/div>\n\t\t<\/section>\n\t\t\t\t<section class=\"elementor-section elementor-top-section elementor-element elementor-element-48144ddd elementor-section-full_width elementor-section-content-middle elementor-section-stretched elementor-section-height-default elementor-section-height-default\" data-id=\"48144ddd\" data-element_type=\"section\" data-settings=\"{&quot;stretch_section&quot;:&quot;section-stretched&quot;}\">\n\t\t\t\t\t\t<div class=\"elementor-container elementor-column-gap-default\">\n\t\t\t\t\t\t\t<div class=\"elementor-row\">\n\t\t\t\t\t<div class=\"elementor-column elementor-col-33 elementor-top-column elementor-element elementor-element-3f9b8aa7\" data-id=\"3f9b8aa7\" data-element_type=\"column\">\n\t\t\t<div class=\"elementor-column-wrap\">\n\t\t\t\t\t\t\t<div class=\"elementor-widget-wrap\">\n\t\t\t\t\t\t\t\t<\/div>\n\t\t\t\t\t<\/div>\n\t\t<\/div>\n\t\t\t\t<div class=\"elementor-column elementor-col-33 elementor-top-column elementor-element elementor-element-2b84186\" data-id=\"2b84186\" data-element_type=\"column\">\n\t\t\t<div class=\"elementor-column-wrap elementor-element-populated\">\n\t\t\t\t\t\t\t<div class=\"elementor-widget-wrap\">\n\t\t\t\t\t\t<div class=\"elementor-element elementor-element-b7afba4 elementor-widget elementor-widget-image\" data-id=\"b7afba4\" data-element_type=\"widget\" data-widget_type=\"image.default\">\n\t\t\t\t<div class=\"elementor-widget-container\">\n\t\t\t\t\t<div class=\"elementor-image\">\n\t\t\t\t\t\t\t\t\t\t<img loading=\"lazy\" decoding=\"async\" width=\"812\" height=\"362\" src=\"https:\/\/pyc.cl\/wp-content\/uploads\/2021\/08\/SMRUT-Interfaz-1024x457.png\" class=\"attachment-large size-large\" alt=\"\" srcset=\"https:\/\/pyc.cl\/wp-content\/uploads\/2021\/08\/SMRUT-Interfaz-1024x457.png 1024w, https:\/\/pyc.cl\/wp-content\/uploads\/2021\/08\/SMRUT-Interfaz-300x134.png 300w, https:\/\/pyc.cl\/wp-content\/uploads\/2021\/08\/SMRUT-Interfaz-768x343.png 768w, https:\/\/pyc.cl\/wp-content\/uploads\/2021\/08\/SMRUT-Interfaz.png 1351w\" sizes=\"auto, (max-width: 812px) 100vw, 812px\" \/>\t\t\t\t\t\t\t\t\t\t\t<\/div>\n\t\t\t\t<\/div>\n\t\t\t\t<\/div>\n\t\t\t\t\t\t<\/div>\n\t\t\t\t\t<\/div>\n\t\t<\/div>\n\t\t\t\t<div class=\"elementor-column elementor-col-33 elementor-top-column elementor-element elementor-element-f4b2b9e\" data-id=\"f4b2b9e\" data-element_type=\"column\">\n\t\t\t<div class=\"elementor-column-wrap elementor-element-populated\">\n\t\t\t\t\t\t\t<div class=\"elementor-widget-wrap\">\n\t\t\t\t\t\t<div class=\"elementor-element elementor-element-3ebe29df elementor-widget__width-initial elementor-widget elementor-widget-heading\" data-id=\"3ebe29df\" data-element_type=\"widget\" data-widget_type=\"heading.default\">\n\t\t\t\t<div class=\"elementor-widget-container\">\n\t\t\t<h2 class=\"elementor-heading-title elementor-size-default\">Software de Monitoreo<\/h2>\t\t<\/div>\n\t\t\t\t<\/div>\n\t\t\t\t<div class=\"elementor-element elementor-element-66097695 elementor-widget elementor-widget-spacer\" data-id=\"66097695\" data-element_type=\"widget\" data-widget_type=\"spacer.default\">\n\t\t\t\t<div class=\"elementor-widget-container\">\n\t\t\t\t\t<div class=\"elementor-spacer\">\n\t\t\t<div class=\"elementor-spacer-inner\"><\/div>\n\t\t<\/div>\n\t\t\t\t<\/div>\n\t\t\t\t<\/div>\n\t\t\t\t<div class=\"elementor-element elementor-element-d7c67d0 elementor-widget__width-initial elementor-widget elementor-widget-text-editor\" data-id=\"d7c67d0\" data-element_type=\"widget\" data-widget_type=\"text-editor.default\">\n\t\t\t\t<div class=\"elementor-widget-container\">\n\t\t\t\t\t<div class=\"elementor-text-editor elementor-clearfix\"><p>El SMRUT(Sistema de Monitoreo Remoto Ultras\u00f3nico) es un sistema de monitoreo frecuente el cual puede medir y almacenar m\u00faltiples para luego almacenar la informaci\u00f3n en la nube.<\/p><p>Esta informaci\u00f3n est\u00e1 disponible a trav\u00e9s de una interfaz web con la cual se podr\u00e1:<\/p><ul><li>Visualizar m\u00faltiples equipos y componentes en una interfaz<\/li><li>Generar alarmas en caso de aparici\u00f3n de agrietamiento, desgastes, desviaciones, etc.<\/li><li>Base de datos con registro hist\u00f3rico<\/li><li>Visualizaci\u00f3n de la \u00faltima lectura registrada y la lectura inicial para realizar el an\u00e1lisis de falla para cada medici\u00f3n<\/li><li>El servidor puede ser implementado en la red del cliente mediante un servidor virtual, en los servidores de PyC Tecnolog\u00eda o acceder directamente al sistema.<\/li><\/ul><\/div>\n\t\t\t\t<\/div>\n\t\t\t\t<\/div>\n\t\t\t\t\t\t<\/div>\n\t\t\t\t\t<\/div>\n\t\t<\/div>\n\t\t\t\t\t\t\t\t<\/div>\n\t\t\t\t\t<\/div>\n\t\t<\/section>\n\t\t\t\t<section class=\"elementor-section elementor-top-section elementor-element elementor-element-7ff51c4 elementor-section-boxed elementor-section-height-default elementor-section-height-default\" data-id=\"7ff51c4\" data-element_type=\"section\">\n\t\t\t\t\t\t<div class=\"elementor-container elementor-column-gap-default\">\n\t\t\t\t\t\t\t<div class=\"elementor-row\">\n\t\t\t\t\t<div class=\"elementor-column elementor-col-100 elementor-top-column elementor-element elementor-element-5e8cd70\" data-id=\"5e8cd70\" data-element_type=\"column\">\n\t\t\t<div class=\"elementor-column-wrap elementor-element-populated\">\n\t\t\t\t\t\t\t<div class=\"elementor-widget-wrap\">\n\t\t\t\t\t\t<div class=\"elementor-element elementor-element-fee6d34 elementor-widget elementor-widget-shortcode\" data-id=\"fee6d34\" data-element_type=\"widget\" data-widget_type=\"shortcode.default\">\n\t\t\t\t<div class=\"elementor-widget-container\">\n\t\t\t\t\t<div class=\"elementor-shortcode\">  <\/div>\n\t\t\t\t<\/div>\n\t\t\t\t<\/div>\n\t\t\t\t\t\t<\/div>\n\t\t\t\t\t<\/div>\n\t\t<\/div>\n\t\t\t\t\t\t\t\t<\/div>\n\t\t\t\t\t<\/div>\n\t\t<\/section>\n\t\t\t\t\t\t<\/div>\n\t\t\t\t\t\t<\/div>\n\t\t\t\t\t<\/div>\n\t\t","protected":false},"excerpt":{"rendered":"<p>Sistema de Monitoreo Remoto Ultras\u00f3nico Hemos desarrollado una tecnolog\u00eda para detectar GRIETAS con equipos en funcionamiento, producidas por fatiga de material y\/o sobre esfuerzos de forma remota para la detecci\u00f3n temprana de agrietamiento. La detecci\u00f3n se logra a trav\u00e9s de sensores ultras\u00f3nicos instalados estrat\u00e9gicamente en los componentes cr\u00edticos de los equipos a monitorear. La unidad [&hellip;]<\/p>\n","protected":false},"author":1,"featured_media":0,"parent":0,"menu_order":0,"comment_status":"closed","ping_status":"closed","template":"","meta":{"footnotes":""},"class_list":["post-1203","page","type-page","status-publish","hentry"],"_links":{"self":[{"href":"https:\/\/pyc.cl\/index.php?rest_route=\/wp\/v2\/pages\/1203","targetHints":{"allow":["GET"]}}],"collection":[{"href":"https:\/\/pyc.cl\/index.php?rest_route=\/wp\/v2\/pages"}],"about":[{"href":"https:\/\/pyc.cl\/index.php?rest_route=\/wp\/v2\/types\/page"}],"author":[{"embeddable":true,"href":"https:\/\/pyc.cl\/index.php?rest_route=\/wp\/v2\/users\/1"}],"replies":[{"embeddable":true,"href":"https:\/\/pyc.cl\/index.php?rest_route=%2Fwp%2Fv2%2Fcomments&post=1203"}],"version-history":[{"count":3,"href":"https:\/\/pyc.cl\/index.php?rest_route=\/wp\/v2\/pages\/1203\/revisions"}],"predecessor-version":[{"id":1965,"href":"https:\/\/pyc.cl\/index.php?rest_route=\/wp\/v2\/pages\/1203\/revisions\/1965"}],"wp:attachment":[{"href":"https:\/\/pyc.cl\/index.php?rest_route=%2Fwp%2Fv2%2Fmedia&parent=1203"}],"curies":[{"name":"wp","href":"https:\/\/api.w.org\/{rel}","templated":true}]}}