{"id":1191,"date":"2021-05-31T20:43:22","date_gmt":"2021-05-31T20:43:22","guid":{"rendered":"http:\/\/localhost\/wordpress\/?page_id=1191"},"modified":"2021-12-14T19:58:29","modified_gmt":"2021-12-14T19:58:29","slug":"inspeccion-molinos","status":"publish","type":"page","link":"https:\/\/pyc.cl\/?page_id=1191","title":{"rendered":"Molinos"},"content":{"rendered":"\t\t<div data-elementor-type=\"wp-page\" data-elementor-id=\"1191\" class=\"elementor elementor-1191\" data-elementor-settings=\"[]\">\n\t\t\t\t\t\t<div class=\"elementor-inner\">\n\t\t\t\t\t\t\t<div class=\"elementor-section-wrap\">\n\t\t\t\t\t\t\t<section class=\"elementor-section elementor-top-section elementor-element elementor-element-280d231 elementor-section-height-min-height elementor-section-stretched elementor-section-boxed elementor-section-height-default elementor-section-items-middle elementor-invisible\" data-id=\"280d231\" data-element_type=\"section\" data-settings=\"{&quot;stretch_section&quot;:&quot;section-stretched&quot;,&quot;background_background&quot;:&quot;classic&quot;,&quot;animation&quot;:&quot;fadeInDown&quot;}\">\n\t\t\t\t\t\t\t<div class=\"elementor-background-overlay\"><\/div>\n\t\t\t\t\t\t\t<div class=\"elementor-container elementor-column-gap-default\">\n\t\t\t\t\t\t\t<div class=\"elementor-row\">\n\t\t\t\t\t<div class=\"elementor-column elementor-col-100 elementor-top-column elementor-element elementor-element-8c3a1ea\" data-id=\"8c3a1ea\" data-element_type=\"column\" data-settings=\"{&quot;background_background&quot;:&quot;classic&quot;}\">\n\t\t\t<div class=\"elementor-column-wrap elementor-element-populated\">\n\t\t\t\t\t<div class=\"elementor-background-overlay\"><\/div>\n\t\t\t\t\t\t\t<div class=\"elementor-widget-wrap\">\n\t\t\t\t\t\t\t\t<\/div>\n\t\t\t\t\t<\/div>\n\t\t<\/div>\n\t\t\t\t\t\t\t\t<\/div>\n\t\t\t\t\t<\/div>\n\t\t<\/section>\n\t\t\t\t<section class=\"elementor-section elementor-top-section elementor-element elementor-element-9825323 elementor-section-full_width elementor-section-height-default elementor-section-height-default\" data-id=\"9825323\" data-element_type=\"section\" data-settings=\"{&quot;background_background&quot;:&quot;classic&quot;}\">\n\t\t\t\t\t\t\t<div class=\"elementor-background-overlay\"><\/div>\n\t\t\t\t\t\t\t<div class=\"elementor-container elementor-column-gap-default\">\n\t\t\t\t\t\t\t<div class=\"elementor-row\">\n\t\t\t\t\t<div class=\"elementor-column elementor-col-100 elementor-top-column elementor-element elementor-element-90d7441\" data-id=\"90d7441\" data-element_type=\"column\">\n\t\t\t<div class=\"elementor-column-wrap elementor-element-populated\">\n\t\t\t\t\t\t\t<div class=\"elementor-widget-wrap\">\n\t\t\t\t\t\t<section class=\"elementor-section elementor-inner-section elementor-element elementor-element-c1bec9a elementor-section-boxed elementor-section-height-default elementor-section-height-default\" data-id=\"c1bec9a\" data-element_type=\"section\">\n\t\t\t\t\t\t<div class=\"elementor-container elementor-column-gap-default\">\n\t\t\t\t\t\t\t<div class=\"elementor-row\">\n\t\t\t\t\t<div class=\"elementor-column elementor-col-50 elementor-inner-column elementor-element elementor-element-88da08a elementor-invisible\" data-id=\"88da08a\" data-element_type=\"column\" data-settings=\"{&quot;animation&quot;:&quot;fadeInLeft&quot;}\">\n\t\t\t<div class=\"elementor-column-wrap elementor-element-populated\">\n\t\t\t\t\t\t\t<div class=\"elementor-widget-wrap\">\n\t\t\t\t\t\t<div class=\"elementor-element elementor-element-dc61b5e elementor-widget elementor-widget-text-editor\" data-id=\"dc61b5e\" data-element_type=\"widget\" data-widget_type=\"text-editor.default\">\n\t\t\t\t<div class=\"elementor-widget-container\">\n\t\t\t\t\t<div class=\"elementor-text-editor elementor-clearfix\"><p>PyC Tecnolog\u00eda ofrece una variedad de servicios tanto para molinos SAG como para molinos de bolas:<\/p><ul><li><a href=\"http:\/\/pyc.cl\/?page_id=1194\">Inspecci\u00f3n de Trunnion<\/a><\/li><li><a href=\"http:\/\/localhost\/wordpress\/inspeccion-de-trunios\/\" data-wplink-url-error=\"true\">Inspecci\u00f3n de<\/a><a href=\"http:\/\/pyc.cl\/?page_id=1368\"> Corona y Pi\u00f1\u00f3n<\/a><\/li><li><a href=\"http:\/\/localhost\/wordpress\/inspeccion-de-trunios\/\" data-wplink-url-error=\"true\">Inspecci\u00f3n de<\/a><a href=\"http:\/\/pyc.cl\/?page_id=1346\"> Coraza<\/a><\/li><li><a href=\"http:\/\/localhost\/wordpress\/inspeccion-de-trunios\/\" data-wplink-url-error=\"true\">Inspecci\u00f3n de<\/a><a href=\"http:\/\/pyc.cl\/?page_id=1197\"> Pernos de Amarre y Coraza<\/a><\/li><\/ul><\/div>\n\t\t\t\t<\/div>\n\t\t\t\t<\/div>\n\t\t\t\t\t\t<\/div>\n\t\t\t\t\t<\/div>\n\t\t<\/div>\n\t\t\t\t<div class=\"elementor-column elementor-col-50 elementor-inner-column elementor-element elementor-element-5a706ed elementor-invisible\" data-id=\"5a706ed\" data-element_type=\"column\" data-settings=\"{&quot;animation&quot;:&quot;fadeInRight&quot;}\">\n\t\t\t<div class=\"elementor-column-wrap elementor-element-populated\">\n\t\t\t\t\t\t\t<div class=\"elementor-widget-wrap\">\n\t\t\t\t\t\t<div class=\"elementor-element elementor-element-ce9133d elementor-widget elementor-widget-image\" data-id=\"ce9133d\" data-element_type=\"widget\" data-widget_type=\"image.default\">\n\t\t\t\t<div class=\"elementor-widget-container\">\n\t\t\t\t\t<div class=\"elementor-image\">\n\t\t\t\t\t\t\t\t\t\t<img loading=\"lazy\" decoding=\"async\" width=\"1280\" height=\"879\" src=\"https:\/\/pyc.cl\/wp-content\/uploads\/2021\/06\/Trunio.png\" class=\"attachment-1536x1536 size-1536x1536\" alt=\"\" srcset=\"https:\/\/pyc.cl\/wp-content\/uploads\/2021\/06\/Trunio.png 1280w, https:\/\/pyc.cl\/wp-content\/uploads\/2021\/06\/Trunio-300x206.png 300w, https:\/\/pyc.cl\/wp-content\/uploads\/2021\/06\/Trunio-1024x703.png 1024w, https:\/\/pyc.cl\/wp-content\/uploads\/2021\/06\/Trunio-768x527.png 768w\" sizes=\"auto, (max-width: 1280px) 100vw, 1280px\" \/>\t\t\t\t\t\t\t\t\t\t\t<\/div>\n\t\t\t\t<\/div>\n\t\t\t\t<\/div>\n\t\t\t\t\t\t<\/div>\n\t\t\t\t\t<\/div>\n\t\t<\/div>\n\t\t\t\t\t\t\t\t<\/div>\n\t\t\t\t\t<\/div>\n\t\t<\/section>\n\t\t\t\t\t\t<\/div>\n\t\t\t\t\t<\/div>\n\t\t<\/div>\n\t\t\t\t\t\t\t\t<\/div>\n\t\t\t\t\t<\/div>\n\t\t<\/section>\n\t\t\t\t\t\t<\/div>\n\t\t\t\t\t\t<\/div>\n\t\t\t\t\t<\/div>\n\t\t","protected":false},"excerpt":{"rendered":"<p>PyC Tecnolog\u00eda ofrece una variedad de servicios tanto para molinos SAG como para molinos de bolas: Inspecci\u00f3n de Trunnion Inspecci\u00f3n de Corona y Pi\u00f1\u00f3n Inspecci\u00f3n de Coraza Inspecci\u00f3n de Pernos de Amarre y Coraza<\/p>\n","protected":false},"author":1,"featured_media":0,"parent":0,"menu_order":0,"comment_status":"closed","ping_status":"closed","template":"","meta":{"footnotes":""},"class_list":["post-1191","page","type-page","status-publish","hentry"],"_links":{"self":[{"href":"https:\/\/pyc.cl\/index.php?rest_route=\/wp\/v2\/pages\/1191","targetHints":{"allow":["GET"]}}],"collection":[{"href":"https:\/\/pyc.cl\/index.php?rest_route=\/wp\/v2\/pages"}],"about":[{"href":"https:\/\/pyc.cl\/index.php?rest_route=\/wp\/v2\/types\/page"}],"author":[{"embeddable":true,"href":"https:\/\/pyc.cl\/index.php?rest_route=\/wp\/v2\/users\/1"}],"replies":[{"embeddable":true,"href":"https:\/\/pyc.cl\/index.php?rest_route=%2Fwp%2Fv2%2Fcomments&post=1191"}],"version-history":[{"count":4,"href":"https:\/\/pyc.cl\/index.php?rest_route=\/wp\/v2\/pages\/1191\/revisions"}],"predecessor-version":[{"id":1957,"href":"https:\/\/pyc.cl\/index.php?rest_route=\/wp\/v2\/pages\/1191\/revisions\/1957"}],"wp:attachment":[{"href":"https:\/\/pyc.cl\/index.php?rest_route=%2Fwp%2Fv2%2Fmedia&parent=1191"}],"curies":[{"name":"wp","href":"https:\/\/api.w.org\/{rel}","templated":true}]}}