{"id":1186,"date":"2021-05-31T20:39:21","date_gmt":"2021-05-31T20:39:21","guid":{"rendered":"http:\/\/localhost\/wordpress\/?page_id=1186"},"modified":"2025-10-15T11:47:59","modified_gmt":"2025-10-15T15:47:59","slug":"inspeccion-de-lineas","status":"publish","type":"page","link":"https:\/\/pyc.cl\/?page_id=1186","title":{"rendered":"L\u00edneas"},"content":{"rendered":"\t\t<div data-elementor-type=\"wp-page\" data-elementor-id=\"1186\" class=\"elementor elementor-1186\" data-elementor-settings=\"[]\">\n\t\t\t\t\t\t<div class=\"elementor-inner\">\n\t\t\t\t\t\t\t<div class=\"elementor-section-wrap\">\n\t\t\t\t\t\t\t<section class=\"elementor-section elementor-top-section elementor-element elementor-element-280d231 elementor-section-height-min-height elementor-section-stretched elementor-section-boxed elementor-section-height-default elementor-section-items-middle elementor-invisible\" data-id=\"280d231\" data-element_type=\"section\" data-settings=\"{&quot;stretch_section&quot;:&quot;section-stretched&quot;,&quot;background_background&quot;:&quot;classic&quot;,&quot;animation&quot;:&quot;fadeInDown&quot;}\">\n\t\t\t\t\t\t\t<div class=\"elementor-background-overlay\"><\/div>\n\t\t\t\t\t\t\t<div class=\"elementor-container elementor-column-gap-default\">\n\t\t\t\t\t\t\t<div class=\"elementor-row\">\n\t\t\t\t\t<div class=\"elementor-column elementor-col-100 elementor-top-column elementor-element elementor-element-8c3a1ea\" data-id=\"8c3a1ea\" data-element_type=\"column\" data-settings=\"{&quot;background_background&quot;:&quot;classic&quot;}\">\n\t\t\t<div class=\"elementor-column-wrap elementor-element-populated\">\n\t\t\t\t\t<div class=\"elementor-background-overlay\"><\/div>\n\t\t\t\t\t\t\t<div class=\"elementor-widget-wrap\">\n\t\t\t\t\t\t\t\t<\/div>\n\t\t\t\t\t<\/div>\n\t\t<\/div>\n\t\t\t\t\t\t\t\t<\/div>\n\t\t\t\t\t<\/div>\n\t\t<\/section>\n\t\t\t\t<section class=\"elementor-section elementor-top-section elementor-element elementor-element-a43e458 elementor-section-boxed elementor-section-height-default elementor-section-height-default\" data-id=\"a43e458\" data-element_type=\"section\">\n\t\t\t\t\t\t<div class=\"elementor-container elementor-column-gap-default\">\n\t\t\t\t\t\t\t<div class=\"elementor-row\">\n\t\t\t\t\t<div class=\"elementor-column elementor-col-100 elementor-top-column elementor-element elementor-element-b74ff63\" data-id=\"b74ff63\" data-element_type=\"column\">\n\t\t\t<div class=\"elementor-column-wrap\">\n\t\t\t\t\t\t\t<div class=\"elementor-widget-wrap\">\n\t\t\t\t\t\t\t\t<\/div>\n\t\t\t\t\t<\/div>\n\t\t<\/div>\n\t\t\t\t\t\t\t\t<\/div>\n\t\t\t\t\t<\/div>\n\t\t<\/section>\n\t\t\t\t<section class=\"elementor-section elementor-top-section elementor-element elementor-element-42382836 elementor-section-full_width elementor-section-content-middle elementor-section-stretched elementor-section-height-default elementor-section-height-default\" data-id=\"42382836\" data-element_type=\"section\" data-settings=\"{&quot;stretch_section&quot;:&quot;section-stretched&quot;}\">\n\t\t\t\t\t\t<div class=\"elementor-container elementor-column-gap-default\">\n\t\t\t\t\t\t\t<div class=\"elementor-row\">\n\t\t\t\t\t<div class=\"elementor-column elementor-col-33 elementor-top-column elementor-element elementor-element-8ae0c6a\" data-id=\"8ae0c6a\" data-element_type=\"column\">\n\t\t\t<div class=\"elementor-column-wrap\">\n\t\t\t\t\t\t\t<div class=\"elementor-widget-wrap\">\n\t\t\t\t\t\t\t\t<\/div>\n\t\t\t\t\t<\/div>\n\t\t<\/div>\n\t\t\t\t<div class=\"elementor-column elementor-col-33 elementor-top-column elementor-element elementor-element-1c1cf0e5\" data-id=\"1c1cf0e5\" data-element_type=\"column\">\n\t\t\t<div class=\"elementor-column-wrap elementor-element-populated\">\n\t\t\t\t\t\t\t<div class=\"elementor-widget-wrap\">\n\t\t\t\t\t\t<div class=\"elementor-element elementor-element-413a389f elementor-widget__width-initial elementor-widget elementor-widget-heading\" data-id=\"413a389f\" data-element_type=\"widget\" data-widget_type=\"heading.default\">\n\t\t\t\t<div class=\"elementor-widget-container\">\n\t\t\t<h2 class=\"elementor-heading-title elementor-size-default\">Medici\u00f3n L\u00edneas de Alta Precisi\u00f3n<\/h2>\t\t<\/div>\n\t\t\t\t<\/div>\n\t\t\t\t<div class=\"elementor-element elementor-element-3a4d642d elementor-widget elementor-widget-spacer\" data-id=\"3a4d642d\" data-element_type=\"widget\" data-widget_type=\"spacer.default\">\n\t\t\t\t<div class=\"elementor-widget-container\">\n\t\t\t\t\t<div class=\"elementor-spacer\">\n\t\t\t<div class=\"elementor-spacer-inner\"><\/div>\n\t\t<\/div>\n\t\t\t\t<\/div>\n\t\t\t\t<\/div>\n\t\t\t\t<div class=\"elementor-element elementor-element-24fcce8c elementor-widget__width-initial elementor-widget elementor-widget-text-editor\" data-id=\"24fcce8c\" data-element_type=\"widget\" data-widget_type=\"text-editor.default\">\n\t\t\t\t<div class=\"elementor-widget-container\">\n\t\t\t\t\t<div class=\"elementor-text-editor elementor-clearfix\"><p>En la miner\u00eda para la obtenci\u00f3n de cobre es necesario reducir el tama\u00f1o del material mineralizado a menos de 0,2 mil\u00edmetros, de manera que sea adecuado para la flotaci\u00f3n. En los molinos se produce la molienda del mineral donde es mezclado con agua, a la salida del molino se encuentra una bomba que eleva el mineral a los ciclones. Este circuito de acero revestido con poliuretano de alta densidad, es una pieza clave en el proceso de molienda, el cual sufre una alta tasa de desgaste del poliuretano lo que hace necesario disponer de un control predictivo que permita determinar su tasa de desgaste y optimizar los tiempos de mantenci\u00f3n.<\/p><p>Hemos desarrollado la tecnolog\u00eda para el control del desgaste del poliuretano de alta densidad. Este control predictivo permite optimizar la vida \u00fatil de los activos. El control predictivo se realiza con los equipos en funcionamiento, sin afectar las operaciones del proceso productivo.<\/p><\/div>\n\t\t\t\t<\/div>\n\t\t\t\t<\/div>\n\t\t\t\t\t\t<\/div>\n\t\t\t\t\t<\/div>\n\t\t<\/div>\n\t\t\t\t<div class=\"elementor-column elementor-col-33 elementor-top-column elementor-element elementor-element-7007befa\" data-id=\"7007befa\" data-element_type=\"column\">\n\t\t\t<div class=\"elementor-column-wrap elementor-element-populated\">\n\t\t\t\t\t\t\t<div class=\"elementor-widget-wrap\">\n\t\t\t\t\t\t<div class=\"elementor-element elementor-element-2cfefb4b elementor-widget elementor-widget-image\" data-id=\"2cfefb4b\" data-element_type=\"widget\" data-widget_type=\"image.default\">\n\t\t\t\t<div class=\"elementor-widget-container\">\n\t\t\t\t\t<div class=\"elementor-image\">\n\t\t\t\t\t\t\t\t\t\t<img loading=\"lazy\" decoding=\"async\" width=\"671\" height=\"477\" src=\"https:\/\/pyc.cl\/wp-content\/uploads\/2021\/12\/Linea-Alta-Precision.jpg\" class=\"attachment-large size-large\" alt=\"\" srcset=\"https:\/\/pyc.cl\/wp-content\/uploads\/2021\/12\/Linea-Alta-Precision.jpg 671w, https:\/\/pyc.cl\/wp-content\/uploads\/2021\/12\/Linea-Alta-Precision-300x213.jpg 300w\" sizes=\"auto, (max-width: 671px) 100vw, 671px\" \/>\t\t\t\t\t\t\t\t\t\t\t<\/div>\n\t\t\t\t<\/div>\n\t\t\t\t<\/div>\n\t\t\t\t\t\t<\/div>\n\t\t\t\t\t<\/div>\n\t\t<\/div>\n\t\t\t\t\t\t\t\t<\/div>\n\t\t\t\t\t<\/div>\n\t\t<\/section>\n\t\t\t\t<section class=\"elementor-section elementor-top-section elementor-element elementor-element-607bf584 elementor-section-full_width elementor-section-content-middle elementor-section-stretched elementor-section-height-default elementor-section-height-default\" data-id=\"607bf584\" data-element_type=\"section\" data-settings=\"{&quot;stretch_section&quot;:&quot;section-stretched&quot;}\">\n\t\t\t\t\t\t<div class=\"elementor-container elementor-column-gap-default\">\n\t\t\t\t\t\t\t<div class=\"elementor-row\">\n\t\t\t\t\t<div class=\"elementor-column elementor-col-33 elementor-top-column elementor-element elementor-element-7bf58dae\" data-id=\"7bf58dae\" data-element_type=\"column\">\n\t\t\t<div class=\"elementor-column-wrap\">\n\t\t\t\t\t\t\t<div class=\"elementor-widget-wrap\">\n\t\t\t\t\t\t\t\t<\/div>\n\t\t\t\t\t<\/div>\n\t\t<\/div>\n\t\t\t\t<div class=\"elementor-column elementor-col-33 elementor-top-column elementor-element elementor-element-d023907\" data-id=\"d023907\" data-element_type=\"column\">\n\t\t\t<div class=\"elementor-column-wrap elementor-element-populated\">\n\t\t\t\t\t\t\t<div class=\"elementor-widget-wrap\">\n\t\t\t\t\t\t<div class=\"elementor-element elementor-element-7e0019f7 elementor-widget elementor-widget-image\" data-id=\"7e0019f7\" data-element_type=\"widget\" data-widget_type=\"image.default\">\n\t\t\t\t<div class=\"elementor-widget-container\">\n\t\t\t\t\t<div class=\"elementor-image\">\n\t\t\t\t\t\t\t\t\t\t<img loading=\"lazy\" decoding=\"async\" width=\"358\" height=\"473\" src=\"https:\/\/pyc.cl\/wp-content\/uploads\/2021\/12\/Lineas-de-Relaveductos.jpg\" class=\"attachment-full size-full\" alt=\"\" srcset=\"https:\/\/pyc.cl\/wp-content\/uploads\/2021\/12\/Lineas-de-Relaveductos.jpg 358w, https:\/\/pyc.cl\/wp-content\/uploads\/2021\/12\/Lineas-de-Relaveductos-227x300.jpg 227w\" sizes=\"auto, (max-width: 358px) 100vw, 358px\" \/>\t\t\t\t\t\t\t\t\t\t\t<\/div>\n\t\t\t\t<\/div>\n\t\t\t\t<\/div>\n\t\t\t\t\t\t<\/div>\n\t\t\t\t\t<\/div>\n\t\t<\/div>\n\t\t\t\t<div class=\"elementor-column elementor-col-33 elementor-top-column elementor-element elementor-element-29ed4821\" data-id=\"29ed4821\" data-element_type=\"column\">\n\t\t\t<div class=\"elementor-column-wrap elementor-element-populated\">\n\t\t\t\t\t\t\t<div class=\"elementor-widget-wrap\">\n\t\t\t\t\t\t<div class=\"elementor-element elementor-element-5db18ca8 elementor-widget__width-initial elementor-widget elementor-widget-heading\" data-id=\"5db18ca8\" data-element_type=\"widget\" data-widget_type=\"heading.default\">\n\t\t\t\t<div class=\"elementor-widget-container\">\n\t\t\t<h2 class=\"elementor-heading-title elementor-size-default\">Mediciones de Espesores L\u00edneas de Relave ductos con Recubrimiento Exterior\n<\/h2>\t\t<\/div>\n\t\t\t\t<\/div>\n\t\t\t\t<div class=\"elementor-element elementor-element-37b6d58d elementor-widget elementor-widget-spacer\" data-id=\"37b6d58d\" data-element_type=\"widget\" data-widget_type=\"spacer.default\">\n\t\t\t\t<div class=\"elementor-widget-container\">\n\t\t\t\t\t<div class=\"elementor-spacer\">\n\t\t\t<div class=\"elementor-spacer-inner\"><\/div>\n\t\t<\/div>\n\t\t\t\t<\/div>\n\t\t\t\t<\/div>\n\t\t\t\t<div class=\"elementor-element elementor-element-5bbf53ca elementor-widget__width-initial elementor-widget elementor-widget-text-editor\" data-id=\"5bbf53ca\" data-element_type=\"widget\" data-widget_type=\"text-editor.default\">\n\t\t\t\t<div class=\"elementor-widget-container\">\n\t\t\t\t\t<div class=\"elementor-text-editor elementor-clearfix\"><p>PyC Tecnolog\u00eda ha desarrollado la aplicaci\u00f3n de medici\u00f3n del espesor<br \/>de pared del acero sin retirar la capa de revestimiento externo.<br \/>En la medici\u00f3n se emplea un Sistema Esc\u00e1ner Ultras\u00f3nico Port\u00e1til<br \/>con un software de an\u00e1lisis de onda, en la modalidad de A-Scan, \u00e9l<br \/>cu\u00e1l permite tener resoluci\u00f3n de la lectura del espesor de 0,12 mm.<\/p><p class=\"western\" align=\"JUSTIFY\">Ventajas:<\/p><ul><li>Es un ensayo no destructivo, no se rompe la capa de<br \/>protecci\u00f3n del ducto.<\/li><li>Permite aumentar la cantidad de lecturas de cada punto<\/li><li>Cada medici\u00f3n es de alta resoluci\u00f3n<\/li><li>Permite reproducir la lectura en el escritorio y analizar<br \/>nuevamente la lectura<\/li><li>Permite comparar A-Scan registrados de la misma lectura<br \/>en diferentes fechas de medici\u00f3n.<\/li><\/ul><\/div>\n\t\t\t\t<\/div>\n\t\t\t\t<\/div>\n\t\t\t\t\t\t<\/div>\n\t\t\t\t\t<\/div>\n\t\t<\/div>\n\t\t\t\t\t\t\t\t<\/div>\n\t\t\t\t\t<\/div>\n\t\t<\/section>\n\t\t\t\t<section class=\"elementor-section elementor-top-section elementor-element elementor-element-0147ae8 elementor-section-boxed elementor-section-height-default elementor-section-height-default\" data-id=\"0147ae8\" data-element_type=\"section\">\n\t\t\t\t\t\t<div class=\"elementor-container elementor-column-gap-default\">\n\t\t\t\t\t\t\t<div class=\"elementor-row\">\n\t\t\t\t\t<div class=\"elementor-column elementor-col-33 elementor-top-column elementor-element elementor-element-978edbd\" data-id=\"978edbd\" data-element_type=\"column\">\n\t\t\t<div class=\"elementor-column-wrap elementor-element-populated\">\n\t\t\t\t\t\t\t<div class=\"elementor-widget-wrap\">\n\t\t\t\t\t\t<div class=\"elementor-element elementor-element-b623837 elementor-widget elementor-widget-image\" data-id=\"b623837\" data-element_type=\"widget\" data-widget_type=\"image.default\">\n\t\t\t\t<div class=\"elementor-widget-container\">\n\t\t\t\t\t<div class=\"elementor-image\">\n\t\t\t\t\t\t\t\t\t\t<img loading=\"lazy\" decoding=\"async\" width=\"630\" height=\"339\" src=\"https:\/\/pyc.cl\/wp-content\/uploads\/2021\/12\/viejito-midiendo.jpg\" class=\"attachment-full size-full\" alt=\"\" srcset=\"https:\/\/pyc.cl\/wp-content\/uploads\/2021\/12\/viejito-midiendo.jpg 630w, https:\/\/pyc.cl\/wp-content\/uploads\/2021\/12\/viejito-midiendo-300x161.jpg 300w\" sizes=\"auto, (max-width: 630px) 100vw, 630px\" \/>\t\t\t\t\t\t\t\t\t\t\t<\/div>\n\t\t\t\t<\/div>\n\t\t\t\t<\/div>\n\t\t\t\t\t\t<\/div>\n\t\t\t\t\t<\/div>\n\t\t<\/div>\n\t\t\t\t<div class=\"elementor-column elementor-col-33 elementor-top-column elementor-element elementor-element-638baeb\" data-id=\"638baeb\" data-element_type=\"column\">\n\t\t\t<div class=\"elementor-column-wrap elementor-element-populated\">\n\t\t\t\t\t\t\t<div class=\"elementor-widget-wrap\">\n\t\t\t\t\t\t<div class=\"elementor-element elementor-element-430e1a5 elementor-widget elementor-widget-image\" data-id=\"430e1a5\" data-element_type=\"widget\" data-widget_type=\"image.default\">\n\t\t\t\t<div class=\"elementor-widget-container\">\n\t\t\t\t\t<div class=\"elementor-image\">\n\t\t\t\t\t\t\t\t\t\t<img loading=\"lazy\" decoding=\"async\" width=\"436\" height=\"309\" src=\"https:\/\/pyc.cl\/wp-content\/uploads\/2021\/12\/A-Scan.jpg\" class=\"attachment-large size-large\" alt=\"\" srcset=\"https:\/\/pyc.cl\/wp-content\/uploads\/2021\/12\/A-Scan.jpg 436w, https:\/\/pyc.cl\/wp-content\/uploads\/2021\/12\/A-Scan-300x213.jpg 300w\" sizes=\"auto, (max-width: 436px) 100vw, 436px\" \/>\t\t\t\t\t\t\t\t\t\t\t<\/div>\n\t\t\t\t<\/div>\n\t\t\t\t<\/div>\n\t\t\t\t\t\t<\/div>\n\t\t\t\t\t<\/div>\n\t\t<\/div>\n\t\t\t\t<div class=\"elementor-column elementor-col-33 elementor-top-column elementor-element elementor-element-de5cba3\" data-id=\"de5cba3\" data-element_type=\"column\">\n\t\t\t<div class=\"elementor-column-wrap elementor-element-populated\">\n\t\t\t\t\t\t\t<div class=\"elementor-widget-wrap\">\n\t\t\t\t\t\t<div class=\"elementor-element elementor-element-8e3d473 elementor-widget elementor-widget-image\" data-id=\"8e3d473\" data-element_type=\"widget\" data-widget_type=\"image.default\">\n\t\t\t\t<div class=\"elementor-widget-container\">\n\t\t\t\t\t<div class=\"elementor-image\">\n\t\t\t\t\t\t\t\t\t\t<img loading=\"lazy\" decoding=\"async\" width=\"432\" height=\"272\" src=\"https:\/\/pyc.cl\/wp-content\/uploads\/2021\/06\/B1_1.png\" class=\"attachment-large size-large\" alt=\"\" srcset=\"https:\/\/pyc.cl\/wp-content\/uploads\/2021\/06\/B1_1.png 432w, https:\/\/pyc.cl\/wp-content\/uploads\/2021\/06\/B1_1-300x189.png 300w\" sizes=\"auto, (max-width: 432px) 100vw, 432px\" \/>\t\t\t\t\t\t\t\t\t\t\t<\/div>\n\t\t\t\t<\/div>\n\t\t\t\t<\/div>\n\t\t\t\t\t\t<\/div>\n\t\t\t\t\t<\/div>\n\t\t<\/div>\n\t\t\t\t\t\t\t\t<\/div>\n\t\t\t\t\t<\/div>\n\t\t<\/section>\n\t\t\t\t\t\t<\/div>\n\t\t\t\t\t\t<\/div>\n\t\t\t\t\t<\/div>\n\t\t","protected":false},"excerpt":{"rendered":"<p>Medici\u00f3n L\u00edneas de Alta Precisi\u00f3n En la miner\u00eda para la obtenci\u00f3n de cobre es necesario reducir el tama\u00f1o del material mineralizado a menos de 0,2 mil\u00edmetros, de manera que sea adecuado para la flotaci\u00f3n. En los molinos se produce la molienda del mineral donde es mezclado con agua, a la salida del molino se encuentra [&hellip;]<\/p>\n","protected":false},"author":1,"featured_media":0,"parent":0,"menu_order":0,"comment_status":"closed","ping_status":"closed","template":"","meta":{"footnotes":""},"class_list":["post-1186","page","type-page","status-publish","hentry"],"_links":{"self":[{"href":"https:\/\/pyc.cl\/index.php?rest_route=\/wp\/v2\/pages\/1186","targetHints":{"allow":["GET"]}}],"collection":[{"href":"https:\/\/pyc.cl\/index.php?rest_route=\/wp\/v2\/pages"}],"about":[{"href":"https:\/\/pyc.cl\/index.php?rest_route=\/wp\/v2\/types\/page"}],"author":[{"embeddable":true,"href":"https:\/\/pyc.cl\/index.php?rest_route=\/wp\/v2\/users\/1"}],"replies":[{"embeddable":true,"href":"https:\/\/pyc.cl\/index.php?rest_route=%2Fwp%2Fv2%2Fcomments&post=1186"}],"version-history":[{"count":3,"href":"https:\/\/pyc.cl\/index.php?rest_route=\/wp\/v2\/pages\/1186\/revisions"}],"predecessor-version":[{"id":2116,"href":"https:\/\/pyc.cl\/index.php?rest_route=\/wp\/v2\/pages\/1186\/revisions\/2116"}],"wp:attachment":[{"href":"https:\/\/pyc.cl\/index.php?rest_route=%2Fwp%2Fv2%2Fmedia&parent=1186"}],"curies":[{"name":"wp","href":"https:\/\/api.w.org\/{rel}","templated":true}]}}